{"id":2,"date":"2020-10-09T14:57:06","date_gmt":"2020-10-09T12:57:06","guid":{"rendered":"http:\/\/neu.hotel-schmuckkaestchen.de\/?page_id=2"},"modified":"2024-12-09T11:42:28","modified_gmt":"2024-12-09T10:42:28","slug":"hotel","status":"publish","type":"page","link":"https:\/\/hotel-schmuckkaestchen.de\/el\/","title":{"rendered":"\u039e\u03b5\u03bd\u03bf\u03b4\u03bf\u03c7\u03b5\u03af\u03bf"},"content":{"rendered":"<div data-elementor-type=\"wp-page\" data-elementor-id=\"2\" class=\"elementor elementor-2\" data-elementor-post-type=\"page\">\n\t\t\t\t\t\t<section data-particle_enable=\"false\" data-particle-mobile-disabled=\"false\" class=\"elementor-section elementor-top-section elementor-element elementor-element-1f26423 elementor-section-boxed elementor-section-height-default elementor-section-height-default\" data-id=\"1f26423\" data-element_type=\"section\" data-e-type=\"section\">\n\t\t\t\t\t\t<div class=\"elementor-container elementor-column-gap-default\">\n\t\t\t\t\t<div class=\"elementor-column elementor-col-100 elementor-top-column elementor-element elementor-element-70d3d26\" data-id=\"70d3d26\" data-element_type=\"column\" data-e-type=\"column\">\n\t\t\t<div class=\"elementor-widget-wrap elementor-element-populated\">\n\t\t\t\t\t\t<div class=\"elementor-element elementor-element-eab3250 elementor-widget elementor-widget-heading\" data-id=\"eab3250\" data-element_type=\"widget\" data-e-type=\"widget\" data-widget_type=\"heading.default\">\n\t\t\t\t<div class=\"elementor-widget-container\">\n\t\t\t\t\t<h1 class=\"elementor-heading-title elementor-size-default\">\"\u039f \u03b5\u03c0\u03b9\u03c3\u03ba\u03ad\u03c0\u03c4\u03b7\u03c2 \u03bc\u03b1\u03c2 \u03b8\u03b1 \u03c0\u03c1\u03ad\u03c0\u03b5\u03b9 \u03bd\u03b1 \u03b1\u03b9\u03c3\u03b8\u03ac\u03bd\u03b5\u03c4\u03b1\u03b9 \u03c3\u03b1\u03bd \u03c3\u03c4\u03bf \u03c3\u03c0\u03af\u03c4\u03b9 \u03c4\u03bf\u03c5 \u03ba\u03b1\u03b9 \u03bd\u03b1 \u03b1\u03bd\u03b1\u03ba\u03b1\u03bb\u03cd\u03c0\u03c4\u03b5\u03b9 \u03ba\u03ac\u03c4\u03b9 \u03ba\u03b1\u03b9\u03bd\u03bf\u03cd\u03c1\u03b3\u03b9\u03bf \u03c3\u03c4\u03bf \u03c3\u03c0\u03af\u03c4\u03b9 \u03bc\u03b1\u03c2 \u03bc\u03b5 \u03ba\u03ac\u03b8\u03b5 \u03c4\u03b1\u03be\u03af\u03b4\u03b9 \u03c4\u03bf\u03c5\"<\/h1>\t\t\t\t<\/div>\n\t\t\t\t<\/div>\n\t\t\t\t\t<\/div>\n\t\t<\/div>\n\t\t\t\t\t<\/div>\n\t\t<\/section>\n\t\t\t\t<section data-particle_enable=\"false\" data-particle-mobile-disabled=\"false\" class=\"elementor-section elementor-top-section elementor-element elementor-element-0d0a45a elementor-section-boxed elementor-section-height-default elementor-section-height-default\" data-id=\"0d0a45a\" data-element_type=\"section\" data-e-type=\"section\">\n\t\t\t\t\t\t<div class=\"elementor-container elementor-column-gap-default\">\n\t\t\t\t\t<div class=\"elementor-column elementor-col-100 elementor-top-column elementor-element elementor-element-75bcb0b\" data-id=\"75bcb0b\" data-element_type=\"column\" data-e-type=\"column\">\n\t\t\t<div class=\"elementor-widget-wrap elementor-element-populated\">\n\t\t\t\t\t\t<section data-particle_enable=\"false\" data-particle-mobile-disabled=\"false\" class=\"elementor-section elementor-inner-section elementor-element elementor-element-4f5b686 elementor-section-boxed elementor-section-height-default elementor-section-height-default\" data-id=\"4f5b686\" data-element_type=\"section\" data-e-type=\"section\">\n\t\t\t\t\t\t<div class=\"elementor-container elementor-column-gap-default\">\n\t\t\t\t\t<div class=\"elementor-column elementor-col-50 elementor-inner-column elementor-element elementor-element-59e924c\" data-id=\"59e924c\" data-element_type=\"column\" data-e-type=\"column\">\n\t\t\t<div class=\"elementor-widget-wrap elementor-element-populated\">\n\t\t\t\t\t\t<div class=\"elementor-element elementor-element-96739ae elementor-widget elementor-widget-text-editor\" data-id=\"96739ae\" data-element_type=\"widget\" data-e-type=\"widget\" data-widget_type=\"text-editor.default\">\n\t\t\t\t<div class=\"elementor-widget-container\">\n\t\t\t\t\t\t\t\t\t<p>\u0397 \u03bf\u03b9\u03ba\u03bf\u03b3\u03b5\u03bd\u03b5\u03b9\u03b1\u03ba\u03ae \u03b5\u03c0\u03b9\u03c7\u03b5\u03af\u03c1\u03b7\u03c3\u03b7 <span style=\"color: var(--ast-global-color-3); font-size: 15px;\">\u03a4\u03bf \u03be\u03b5\u03bd\u03bf\u03b4\u03bf\u03c7\u03b5\u03af\u03bf \u03b4\u03b5\u03bd \u03b3\u03c1\u03ac\u03c6\u03b5\u03b9 \u03bc\u03cc\u03bd\u03bf \u03b9\u03c3\u03c4\u03bf\u03c1\u03af\u03b1, \u03b1\u03bb\u03bb\u03ac \u03b6\u03b5\u03b9 \u03c3\u03c4\u03bf \u03c3\u03cd\u03b3\u03c7\u03c1\u03bf\u03bd\u03bf \u03b5\u03c0\u03b1\u03bd\u03b1\u03c3\u03c7\u03b5\u03b4\u03b9\u03b1\u03c3\u03bc\u03cc \u03c4\u03c9\u03bd \u03c7\u03ce\u03c1\u03c9\u03bd \u03ba\u03b1\u03b9 \u03c3\u03c4\u03b7\u03bd \u03b1\u03b3\u03b1\u03c0\u03b7\u03bc\u03ad\u03bd\u03b7 \u03c6\u03c1\u03bf\u03bd\u03c4\u03af\u03b4\u03b1 \u03c4\u03c9\u03bd \u03b5\u03c0\u03b9\u03c3\u03ba\u03b5\u03c0\u03c4\u03ce\u03bd.<\/span><\/p>\n<p>10 \u03be\u03b5\u03c7\u03c9\u03c1\u03b9\u03c3\u03c4\u03ac \u03ba\u03b1\u03b9 \u03b5\u03c0\u03b1\u03b3\u03b3\u03b5\u03bb\u03bc\u03b1\u03c4\u03b9\u03ba\u03ac \u03c3\u03c7\u03b5\u03b4\u03b9\u03b1\u03c3\u03bc\u03ad\u03bd\u03b1 \u03b4\u03c9\u03bc\u03ac\u03c4\u03b9\u03b1 \u03c0\u03b5\u03c1\u03b9\u03bc\u03ad\u03bd\u03bf\u03c5\u03bd \u03c4\u03bf\u03bd \u03b5\u03c0\u03b9\u03c3\u03ba\u03ad\u03c0\u03c4\u03b7, \u03ba\u03b1\u03b8\u03ce\u03c2 \u03ba\u03b1\u03b9 \u03bc\u03b9\u03b1 \u03c4\u03b1\u03b2\u03ad\u03c1\u03bd\u03b1 \u03ba\u03c1\u03b1\u03c3\u03b9\u03bf\u03cd \u03bc\u03b5 \u03ad\u03bd\u03b1 \u03c5\u03c0\u03ad\u03c1\u03bf\u03c7\u03bf \u03c5\u03c0\u03b1\u03af\u03b8\u03c1\u03b9\u03bf \u03ba\u03b1\u03b8\u03b9\u03c3\u03c4\u03b9\u03ba\u03cc \u03c3\u03c4\u03b7\u03bd \u03b9\u03c3\u03c4\u03bf\u03c1\u03b9\u03ba\u03ae \u03c0\u03bb\u03b1\u03c4\u03b5\u03af\u03b1 \u03c4\u03b7\u03c2 \u03b1\u03b3\u03bf\u03c1\u03ac\u03c2 \"Schnatterloch\", \u03c4\u03b7\u03bd \u03c0\u03b9\u03bf \u03cc\u03bc\u03bf\u03c1\u03c6\u03b7 \u03c0\u03bb\u03b1\u03c4\u03b5\u03af\u03b1 \u03c4\u03bf\u03c5 Miltenberg. \u03a3\u03c4\u03bf \u03c0\u03c1\u03bf\u03c3\u03b5\u03b3\u03bc\u03ad\u03bd\u03bf \u03b8\u03bf\u03bb\u03c9\u03c4\u03cc \u03ba\u03b5\u03bb\u03ac\u03c1\u03b9 \u03bc\u03c0\u03bf\u03c1\u03bf\u03cd\u03bd \u03bd\u03b1 \u03c6\u03b9\u03bb\u03bf\u03be\u03b5\u03bd\u03b7\u03b8\u03bf\u03cd\u03bd \u03ad\u03c9\u03c2 \u03ba\u03b1\u03b9 50 \u03ac\u03c4\u03bf\u03bc\u03b1.<\/p>\t\t\t\t\t\t\t\t<\/div>\n\t\t\t\t<\/div>\n\t\t\t\t\t<\/div>\n\t\t<\/div>\n\t\t\t\t<div class=\"elementor-column elementor-col-50 elementor-inner-column elementor-element elementor-element-5c6f1a9\" data-id=\"5c6f1a9\" data-element_type=\"column\" data-e-type=\"column\">\n\t\t\t<div class=\"elementor-widget-wrap elementor-element-populated\">\n\t\t\t\t\t\t<div class=\"elementor-element elementor-element-8dbe213 elementor-widget elementor-widget-text-editor\" data-id=\"8dbe213\" data-element_type=\"widget\" data-e-type=\"widget\" data-widget_type=\"text-editor.default\">\n\t\t\t\t<div class=\"elementor-widget-container\">\n\t\t\t\t\t\t\t\t\t<p>\u03a4\u03bf \"Schmuckk\u00e4stchen\" - Hotel &amp; Weinhaus \u03b1\u03c0\u03bf\u03c4\u03b5\u03bb\u03b5\u03af \u03ba\u03b5\u03bd\u03c4\u03c1\u03b9\u03ba\u03cc \u03c3\u03b7\u03bc\u03b5\u03af\u03bf \u03b5\u03ba\u03ba\u03af\u03bd\u03b7\u03c3\u03b7\u03c2 \u03b3\u03b9\u03b1 \u03c0\u03bf\u03bb\u03bb\u03ad\u03c2 \u03b9\u03c3\u03c4\u03bf\u03c1\u03b9\u03ba\u03ad\u03c2 \u03b5\u03be\u03b5\u03c1\u03b5\u03c5\u03bd\u03ae\u03c3\u03b5\u03b9\u03c2. \u0391\u03ba\u03c1\u03b9\u03b2\u03ce\u03c2 \u03b1\u03c0\u03ad\u03bd\u03b1\u03bd\u03c4\u03b9, \u03ad\u03bd\u03b1 \u03b7\u03bc\u03b9\u03b8\u03c9\u03c1\u03b1\u03ba\u03b9\u03c3\u03bc\u03ad\u03bd\u03bf \u03ba\u03c4\u03af\u03c1\u03b9\u03bf \u03c3\u03c4\u03b5\u03b3\u03ac\u03b6\u03b5\u03b9 \u03c4\u03bf \u03bc\u03bf\u03c5\u03c3\u03b5\u03af\u03bf \u03c4\u03b7\u03c2 \u03c0\u03cc\u03bb\u03b7\u03c2. \u0394\u03af\u03c0\u03bb\u03b1 \u03c4\u03bf\u03c5 \u03c0\u03b5\u03c1\u03bd\u03ac\u03b5\u03b9 \u03c4\u03bf \u03bc\u03bf\u03bd\u03bf\u03c0\u03ac\u03c4\u03b9 \u03c0\u03c1\u03bf\u03c2 \u03c4\u03bf Mildenburg \u03ba\u03b1\u03b9 \u03b7 \u03c0\u03c1\u03bf\u03b2\u03bb\u03ae\u03c4\u03b1 \u03b3\u03b9\u03b1 \u03bc\u03b9\u03b1 \u03c0\u03b5\u03c1\u03b9\u03ae\u03b3\u03b7\u03c3\u03b7 \u03b1\u03bd\u03b1\u03ba\u03ac\u03bb\u03c5\u03c8\u03b7\u03c2 \u03c3\u03c4\u03bf\u03bd \u039c\u03ac\u03b9\u03bd \u03b1\u03c0\u03ad\u03c7\u03b5\u03b9 \u03bc\u03cc\u03bb\u03b9\u03c2 \u03bb\u03af\u03b3\u03b1 \u03bc\u03ad\u03c4\u03c1\u03b1 \u03bc\u03b5 \u03c4\u03b1 \u03c0\u03cc\u03b4\u03b9\u03b1.<\/p><p>\u039c\u03b7\u03bd \u03be\u03b5\u03c7\u03bd\u03ac\u03c4\u03b5: \u0391\u03ba\u03c1\u03b9\u03b2\u03ce\u03c2 \u03c3\u03c4\u03b7 \u03b3\u03c9\u03bd\u03af\u03b1 \u03b2\u03c1\u03af\u03c3\u03ba\u03b5\u03c4\u03b1\u03b9 \u03c4\u03bf \u0398\u03ad\u03b1\u03c4\u03c1\u03bf \u039b\u03b9\u03ba\u03ad\u03c1, \u03c4\u03bf \u03bc\u03b9\u03ba\u03c1\u03cc\u03c4\u03b5\u03c1\u03bf \u03b8\u03ad\u03b1\u03c4\u03c1\u03bf \u03c3\u03c4\u03bf\u03bd \u03ba\u03cc\u03c3\u03bc\u03bf.<\/p>\t\t\t\t\t\t\t\t<\/div>\n\t\t\t\t<\/div>\n\t\t\t\t\t<\/div>\n\t\t<\/div>\n\t\t\t\t\t<\/div>\n\t\t<\/section>\n\t\t\t\t\t<\/div>\n\t\t<\/div>\n\t\t\t\t\t<\/div>\n\t\t<\/section>\n\t\t\t\t<section data-particle_enable=\"false\" data-particle-mobile-disabled=\"false\" class=\"elementor-section elementor-top-section elementor-element elementor-element-edbc559 elementor-section-boxed elementor-section-height-default elementor-section-height-default\" data-id=\"edbc559\" data-element_type=\"section\" data-e-type=\"section\">\n\t\t\t\t\t\t<div class=\"elementor-container elementor-column-gap-default\">\n\t\t\t\t\t<div class=\"elementor-column elementor-col-100 elementor-top-column elementor-element elementor-element-fe8b271\" data-id=\"fe8b271\" data-element_type=\"column\" data-e-type=\"column\">\n\t\t\t<div class=\"elementor-widget-wrap elementor-element-populated\">\n\t\t\t\t\t\t<div class=\"elementor-element elementor-element-d3b0cd8 elementor-cta--skin-classic elementor-animated-content elementor-bg-transform elementor-bg-transform-zoom-in elementor-widget elementor-widget-call-to-action\" data-id=\"d3b0cd8\" data-element_type=\"widget\" data-e-type=\"widget\" data-widget_type=\"call-to-action.default\">\n\t\t\t\t<div class=\"elementor-widget-container\">\n\t\t\t\t\t\t\t<div class=\"elementor-cta\">\n\t\t\t\t\t<div class=\"elementor-cta__bg-wrapper\">\n\t\t\t\t<div class=\"elementor-cta__bg elementor-bg\" style=\"background-image: url(https:\/\/hotel-schmuckkaestchen.de\/wp-content\/uploads\/2020\/10\/IMG_0897_Doppelzimmer_Schmuckkaestchen_Miltenberg.png);\" role=\"img\" aria-label=\"IMG_0897_Double room_Schmuckkaestchen_Miltenberg\"><\/div>\n\t\t\t\t<div class=\"elementor-cta__bg-overlay\"><\/div>\n\t\t\t<\/div>\n\t\t\t\t\t\t\t<div class=\"elementor-cta__content\">\n\t\t\t\t\n\t\t\t\t\t\t\t\t\t<h2 class=\"elementor-cta__title elementor-cta__content-item elementor-content-item\">\n\t\t\t\t\t\t\u0394\u03b9\u03b1\u03bd\u03c5\u03ba\u03c4\u03ad\u03c1\u03b5\u03c5\u03c3\u03b7 \u03c3\u03c4\u03bf Schmuckk\u00e4stchen\t\t\t\t\t<\/h2>\n\t\t\t\t\n\t\t\t\t\t\t\t\t\t<div class=\"elementor-cta__description elementor-cta__content-item elementor-content-item\">\n\t\t\t\t\t\t\"\u03a4\u03b1 \u03b4\u03c9\u03bc\u03ac\u03c4\u03b9\u03ac \u03bc\u03b1\u03c2 \u03b5\u03af\u03bd\u03b1\u03b9 \u03c4\u03cc\u03c3\u03bf \u03b5\u03be\u03b1\u03c4\u03bf\u03bc\u03b9\u03ba\u03b5\u03c5\u03bc\u03ad\u03bd\u03b1 \u03ba\u03b1\u03b9 \u03b5\u03be\u03b1\u03c4\u03bf\u03bc\u03b9\u03ba\u03b5\u03c5\u03bc\u03ad\u03bd\u03b1 \u03c0\u03bf\u03c5 \u03bc\u03c0\u03bf\u03c1\u03b5\u03af\u03c4\u03b5 \u03bd\u03b1 \u03bd\u03b9\u03ce\u03c3\u03b5\u03c4\u03b5 \u03c3\u03b1\u03bd \u03c3\u03c4\u03bf \u03c3\u03c0\u03af\u03c4\u03b9 \u03c3\u03b1\u03c2\".\t\t\t\t\t<\/div>\n\t\t\t\t\n\t\t\t\t\t\t\t\t\t<div class=\"elementor-cta__button-wrapper elementor-cta__content-item elementor-content-item\">\n\t\t\t\t\t<a class=\"elementor-cta__button elementor-button elementor-size-\" href=\"http:\/\/hotel-schmuckkaestchen.de\/el\/zimmer\/\">\n\t\t\t\t\t\t\u03c0\u03b5\u03c1\u03b9\u03c3\u03c3\u03cc\u03c4\u03b5\u03c1\u03b1\t\t\t\t\t<\/a>\n\t\t\t\t\t<\/div>\n\t\t\t\t\t\t\t<\/div>\n\t\t\t\t\t\t<\/div>\n\t\t\t\t\t\t<\/div>\n\t\t\t\t<\/div>\n\t\t\t\t\t<\/div>\n\t\t<\/div>\n\t\t\t\t\t<\/div>\n\t\t<\/section>\n\t\t\t\t<\/div>","protected":false},"excerpt":{"rendered":"<p>\u201eUnser Gast soll sich wie zu Hause f\u00fchlen und mit jeder Reise zur\u00fcck etwas Neues in unserem Haus entdecken\u201c Das famili\u00e4r gef\u00fchrte Hotel schreibt nicht nur&nbsp;Geschichte, sondern es lebt in der modernen Neugestaltung der R\u00e4umlichkeiten und der liebevollen Umsorgung der G\u00e4ste weiter. Auf den Gast warten 10 individuell und professionell gestaltete Zimmer, sowie eine Weinstube [&hellip;]<\/p>\n","protected":false},"author":1,"featured_media":0,"parent":0,"menu_order":0,"comment_status":"closed","ping_status":"closed","template":"elementor_header_footer","meta":{"site-sidebar-layout":"no-sidebar","site-content-layout":"page-builder","ast-site-content-layout":"full-width-container","site-content-style":"unboxed","site-sidebar-style":"unboxed","ast-global-header-display":"","ast-banner-title-visibility":"","ast-main-header-display":"","ast-hfb-above-header-display":"","ast-hfb-below-header-display":"","ast-hfb-mobile-header-display":"","site-post-title":"disabled","ast-breadcrumbs-content":"","ast-featured-img":"disabled","footer-sml-layout":"","theme-transparent-header-meta":"","adv-header-id-meta":"","stick-header-meta":"","header-above-stick-meta":"","header-main-stick-meta":"","header-below-stick-meta":"","astra-migrate-meta-layouts":"set","ast-page-background-enabled":"default","ast-page-background-meta":{"desktop":{"background-color":"","background-image":"","background-repeat":"repeat","background-position":"center center","background-size":"auto","background-attachment":"scroll","background-type":"","background-media":"","overlay-type":"","overlay-color":"","overlay-opacity":"","overlay-gradient":""},"tablet":{"background-color":"","background-image":"","background-repeat":"repeat","background-position":"center center","background-size":"auto","background-attachment":"scroll","background-type":"","background-media":"","overlay-type":"","overlay-color":"","overlay-opacity":"","overlay-gradient":""},"mobile":{"background-color":"","background-image":"","background-repeat":"repeat","background-position":"center center","background-size":"auto","background-attachment":"scroll","background-type":"","background-media":"","overlay-type":"","overlay-color":"","overlay-opacity":"","overlay-gradient":""}},"ast-content-background-meta":{"desktop":{"background-color":"var(--ast-global-color-5)","background-image":"","background-repeat":"repeat","background-position":"center center","background-size":"auto","background-attachment":"scroll","background-type":"","background-media":"","overlay-type":"","overlay-color":"","overlay-opacity":"","overlay-gradient":""},"tablet":{"background-color":"var(--ast-global-color-5)","background-image":"","background-repeat":"repeat","background-position":"center center","background-size":"auto","background-attachment":"scroll","background-type":"","background-media":"","overlay-type":"","overlay-color":"","overlay-opacity":"","overlay-gradient":""},"mobile":{"background-color":"var(--ast-global-color-5)","background-image":"","background-repeat":"repeat","background-position":"center center","background-size":"auto","background-attachment":"scroll","background-type":"","background-media":"","overlay-type":"","overlay-color":"","overlay-opacity":"","overlay-gradient":""}},"footnotes":""},"class_list":["post-2","page","type-page","status-publish","hentry"],"_links":{"self":[{"href":"https:\/\/hotel-schmuckkaestchen.de\/el\/wp-json\/wp\/v2\/pages\/2","targetHints":{"allow":["GET"]}}],"collection":[{"href":"https:\/\/hotel-schmuckkaestchen.de\/el\/wp-json\/wp\/v2\/pages"}],"about":[{"href":"https:\/\/hotel-schmuckkaestchen.de\/el\/wp-json\/wp\/v2\/types\/page"}],"author":[{"embeddable":true,"href":"https:\/\/hotel-schmuckkaestchen.de\/el\/wp-json\/wp\/v2\/users\/1"}],"replies":[{"embeddable":true,"href":"https:\/\/hotel-schmuckkaestchen.de\/el\/wp-json\/wp\/v2\/comments?post=2"}],"version-history":[{"count":10,"href":"https:\/\/hotel-schmuckkaestchen.de\/el\/wp-json\/wp\/v2\/pages\/2\/revisions"}],"predecessor-version":[{"id":685,"href":"https:\/\/hotel-schmuckkaestchen.de\/el\/wp-json\/wp\/v2\/pages\/2\/revisions\/685"}],"wp:attachment":[{"href":"https:\/\/hotel-schmuckkaestchen.de\/el\/wp-json\/wp\/v2\/media?parent=2"}],"curies":[{"name":"wp","href":"https:\/\/api.w.org\/{rel}","templated":true}]}}