{"id":189,"date":"2020-10-10T15:59:46","date_gmt":"2020-10-10T13:59:46","guid":{"rendered":"http:\/\/neu.hotel-schmuckkaestchen.de\/?page_id=189"},"modified":"2020-10-17T08:56:50","modified_gmt":"2020-10-17T06:56:50","slug":"impressum","status":"publish","type":"page","link":"https:\/\/hotel-schmuckkaestchen.de\/en\/impressum\/","title":{"rendered":"Imprint"},"content":{"rendered":"<div data-elementor-type=\"wp-page\" data-elementor-id=\"189\" class=\"elementor elementor-189\" data-elementor-post-type=\"page\">\n\t\t\t\t\t\t<section data-particle_enable=\"false\" data-particle-mobile-disabled=\"false\" class=\"elementor-section elementor-top-section elementor-element elementor-element-7dbfd07d elementor-section-boxed elementor-section-height-default elementor-section-height-default\" data-id=\"7dbfd07d\" data-element_type=\"section\" data-e-type=\"section\">\n\t\t\t\t\t\t<div class=\"elementor-container elementor-column-gap-default\">\n\t\t\t\t\t<div class=\"elementor-column elementor-col-100 elementor-top-column elementor-element elementor-element-69382b10\" data-id=\"69382b10\" data-element_type=\"column\" data-e-type=\"column\">\n\t\t\t<div class=\"elementor-widget-wrap elementor-element-populated\">\n\t\t\t\t\t\t<div class=\"elementor-element elementor-element-4cd0917e elementor-widget elementor-widget-text-editor\" data-id=\"4cd0917e\" data-element_type=\"widget\" data-e-type=\"widget\" data-widget_type=\"text-editor.default\">\n\t\t\t\t<div class=\"elementor-widget-container\">\n\t\t\t\t\t\t\t\t\t<p>Information according to\u00a0<a href=\"https:\/\/www.gesetze-im-internet.de\/tmg\/__5.html\" target=\"blank\">\u00a7 5 TMG<\/a><\/p><div><section><h3>Provider<\/h3><div><p><strong>Hotel Jewelry Box<br \/><\/strong>Constantine's Nikou<br \/>Main road 185<br \/>63897 Miltenberg<\/p><\/div><\/section><section><h3>Represented by<\/h3><p>Constantine's Nikou<\/p><\/section><section><p><span style=\"font-size: 1.5em; font-weight: bold;\">Sales tax identification number<\/span><\/p><\/section><section><p>according to \u00a727 a sales tax law:<br \/><i>xxx<\/i><\/p><\/section><section><h3>Responsible for the content<\/h3><p>Constantine's Nikou<\/p><\/section><\/div><section><h3>Picture credits<\/h3><p>Constantine's Nikou<\/p><\/section><section><h3>Online dispute resolution<\/h3><p>Mandatory information according to\u00a0<a href=\"https:\/\/eur-lex.europa.eu\/legal-content\/DE\/TXT\/?uri=uriserv:OJ.L_.2013.165.01.0001.01.DEU&amp;toc=OJ:L:2013:165:FULL\" target=\"_blank\" rel=\"noopener\">Regulation (EU) No 524\/2013<\/a>\u00a0(ODR Regulation, Article 14, Paragraph 1) of the European Parliament and Council: The European Commission provides a platform for the out-of-court settlement of disputes online (ODR platform), which can be found at\u00a0<a href=\"https:\/\/ec.europa.eu\/consumers\/odr\/\" target=\"_blank\" rel=\"noopener\">https:\/\/ec.europa.eu\/consumers\/odr\/<\/a>\u00a0is callable. You can find our e-mail address in our imprint.<\/p><\/section><section><h3>Liability for contents<\/h3><p>As a service provider we are according to\u00a0<a href=\"https:\/\/www.gesetze-im-internet.de\/tmg\/__7.html\" target=\"blank\">\u00a7 7 para. 1 TMG<\/a>\u00a0responsible for its own content on these pages under the general laws. According to\u00a0<a href=\"https:\/\/www.gesetze-im-internet.de\/tmg\/__8.html\" target=\"blank\">\u00a7\u00a7 8 to 10 TMG<\/a>\u00a0However, as a service provider we are not obliged to monitor transmitted or stored third-party information or to investigate circumstances that indicate illegal activity. Obligations to remove or block the use of information according to general laws remain unaffected by this. However, liability in this respect is only possible from the point in time at which a concrete infringement of the law becomes known. If we become aware of any such infringements, we will remove the relevant content immediately.<\/p><p>Despite careful examination, we do not assume any liability for the correctness, topicality or completeness of the information published on this website. In principle, no liability claims can be asserted against the publishers for any material or non-material damage resulting from the use of the information offered. The publishers reserve the right to change the website in whole or in part without prior notice or to cease publication altogether.<\/p><\/section><section><h3>Liability for links<\/h3><p>Our offer contains links to external websites of third parties, on whose contents we have no influence. Therefore, we cannot assume any liability for these external contents. The respective provider or operator of the pages is always responsible for the content of the linked pages. The linked pages were checked for possible legal violations at the time of linking. Illegal contents were not recognizable at the time of linking. However, a permanent control of the contents of the linked pages is not reasonable without concrete evidence of a violation of the law. If we become aware of any infringements, we will remove such links immediately.<\/p><\/section><section><h3>Copyright<\/h3><p>The contents and works created by the site operators on these pages are subject to German copyright law. The reproduction, processing, distribution and any kind of exploitation outside the limits of copyright require the written consent of the respective author or creator. Downloads and copies of this site are only permitted for private, non-commercial use. Insofar as the content on this site was not created by the operator, the copyrights of third parties are respected. In particular, third-party content is identified as such. Should you nevertheless become aware of a copyright infringement, please inform us accordingly. If we become aware of any infringements, we will remove such content immediately.<\/p><p>All brands and trademarks mentioned within the Internet offer and possibly protected by third parties are subject without restriction to the provisions of the respectively valid trademark law and the ownership rights of the respective registered owners. The mere mention of trademarks on our website does not imply that they are not protected by the rights of third parties.<\/p><\/section>\t\t\t\t\t\t\t\t<\/div>\n\t\t\t\t<\/div>\n\t\t\t\t\t<\/div>\n\t\t<\/div>\n\t\t\t\t\t<\/div>\n\t\t<\/section>\n\t\t\t\t<\/div>","protected":false},"excerpt":{"rendered":"<p>Angaben gem\u00e4\u00df\u00a0\u00a7 5 TMG Anbieter Hotel Schmuckk\u00e4stchenKonstantinos NikouHauptstra\u00dfe 18563897 Miltenberg Vertreten durch Konstantinos Nikou Umsatzsteuer-Identifikationsnummer gem\u00e4\u00df \u00a727 a Umsatzsteuergesetz:xxx Inhaltlich verantwortlich Konstantinos Nikou Bildernachweis Konstantinos Nikou Online-Streitbeilegung Pflichtinformation gem\u00e4\u00df\u00a0Verordnung (EU) Nr. 524\/2013\u00a0(ODR-VO, Artikel 14, Absatz 1) des Europ\u00e4ischen Parlaments und Rats: Die Europ\u00e4ische Kommission stellt eine Plattform f\u00fcr die au\u00dfergerichtliche Online-Streitbeilegung (OS-Plattform) bereit, die unter\u00a0https:\/\/ec.europa.eu\/consumers\/odr\/\u00a0aufrufbar [&hellip;]<\/p>\n","protected":false},"author":1,"featured_media":0,"parent":0,"menu_order":0,"comment_status":"closed","ping_status":"closed","template":"elementor_header_footer","meta":{"site-sidebar-layout":"default","site-content-layout":"default","ast-site-content-layout":"default","site-content-style":"default","site-sidebar-style":"default","ast-global-header-display":"","ast-banner-title-visibility":"","ast-main-header-display":"","ast-hfb-above-header-display":"","ast-hfb-below-header-display":"","ast-hfb-mobile-header-display":"","site-post-title":"","ast-breadcrumbs-content":"","ast-featured-img":"","footer-sml-layout":"","theme-transparent-header-meta":"default","adv-header-id-meta":"","stick-header-meta":"","header-above-stick-meta":"","header-main-stick-meta":"","header-below-stick-meta":"","astra-migrate-meta-layouts":"default","ast-page-background-enabled":"default","ast-page-background-meta":{"desktop":{"background-color":"","background-image":"","background-repeat":"repeat","background-position":"center center","background-size":"auto","background-attachment":"scroll","background-type":"","background-media":"","overlay-type":"","overlay-color":"","overlay-opacity":"","overlay-gradient":""},"tablet":{"background-color":"","background-image":"","background-repeat":"repeat","background-position":"center center","background-size":"auto","background-attachment":"scroll","background-type":"","background-media":"","overlay-type":"","overlay-color":"","overlay-opacity":"","overlay-gradient":""},"mobile":{"background-color":"","background-image":"","background-repeat":"repeat","background-position":"center center","background-size":"auto","background-attachment":"scroll","background-type":"","background-media":"","overlay-type":"","overlay-color":"","overlay-opacity":"","overlay-gradient":""}},"ast-content-background-meta":{"desktop":{"background-color":"var(--ast-global-color-5)","background-image":"","background-repeat":"repeat","background-position":"center center","background-size":"auto","background-attachment":"scroll","background-type":"","background-media":"","overlay-type":"","overlay-color":"","overlay-opacity":"","overlay-gradient":""},"tablet":{"background-color":"var(--ast-global-color-5)","background-image":"","background-repeat":"repeat","background-position":"center center","background-size":"auto","background-attachment":"scroll","background-type":"","background-media":"","overlay-type":"","overlay-color":"","overlay-opacity":"","overlay-gradient":""},"mobile":{"background-color":"var(--ast-global-color-5)","background-image":"","background-repeat":"repeat","background-position":"center center","background-size":"auto","background-attachment":"scroll","background-type":"","background-media":"","overlay-type":"","overlay-color":"","overlay-opacity":"","overlay-gradient":""}},"footnotes":""},"class_list":["post-189","page","type-page","status-publish","hentry"],"_links":{"self":[{"href":"https:\/\/hotel-schmuckkaestchen.de\/en\/wp-json\/wp\/v2\/pages\/189","targetHints":{"allow":["GET"]}}],"collection":[{"href":"https:\/\/hotel-schmuckkaestchen.de\/en\/wp-json\/wp\/v2\/pages"}],"about":[{"href":"https:\/\/hotel-schmuckkaestchen.de\/en\/wp-json\/wp\/v2\/types\/page"}],"author":[{"embeddable":true,"href":"https:\/\/hotel-schmuckkaestchen.de\/en\/wp-json\/wp\/v2\/users\/1"}],"replies":[{"embeddable":true,"href":"https:\/\/hotel-schmuckkaestchen.de\/en\/wp-json\/wp\/v2\/comments?post=189"}],"version-history":[{"count":4,"href":"https:\/\/hotel-schmuckkaestchen.de\/en\/wp-json\/wp\/v2\/pages\/189\/revisions"}],"predecessor-version":[{"id":352,"href":"https:\/\/hotel-schmuckkaestchen.de\/en\/wp-json\/wp\/v2\/pages\/189\/revisions\/352"}],"wp:attachment":[{"href":"https:\/\/hotel-schmuckkaestchen.de\/en\/wp-json\/wp\/v2\/media?parent=189"}],"curies":[{"name":"wp","href":"https:\/\/api.w.org\/{rel}","templated":true}]}}