{"id":189,"date":"2020-10-10T15:59:46","date_gmt":"2020-10-10T13:59:46","guid":{"rendered":"http:\/\/neu.hotel-schmuckkaestchen.de\/?page_id=189"},"modified":"2020-10-17T08:56:50","modified_gmt":"2020-10-17T06:56:50","slug":"impressum","status":"publish","type":"page","link":"https:\/\/hotel-schmuckkaestchen.de\/zh\/impressum\/","title":{"rendered":"\u7248\u672c\u8bf4\u660e"},"content":{"rendered":"<div data-elementor-type=\"wp-page\" data-elementor-id=\"189\" class=\"elementor elementor-189\" data-elementor-post-type=\"page\">\n\t\t\t\t\t\t<section data-particle_enable=\"false\" data-particle-mobile-disabled=\"false\" class=\"elementor-section elementor-top-section elementor-element elementor-element-7dbfd07d elementor-section-boxed elementor-section-height-default elementor-section-height-default\" data-id=\"7dbfd07d\" data-element_type=\"section\" data-e-type=\"section\">\n\t\t\t\t\t\t<div class=\"elementor-container elementor-column-gap-default\">\n\t\t\t\t\t<div class=\"elementor-column elementor-col-100 elementor-top-column elementor-element elementor-element-69382b10\" data-id=\"69382b10\" data-element_type=\"column\" data-e-type=\"column\">\n\t\t\t<div class=\"elementor-widget-wrap elementor-element-populated\">\n\t\t\t\t\t\t<div class=\"elementor-element elementor-element-4cd0917e elementor-widget elementor-widget-text-editor\" data-id=\"4cd0917e\" data-element_type=\"widget\" data-e-type=\"widget\" data-widget_type=\"text-editor.default\">\n\t\t\t\t<div class=\"elementor-widget-container\">\n\t\t\t\t\t\t\t\t\t<p>\u8d44\u6599\u6839\u636e\u00a0<a href=\"https:\/\/www.gesetze-im-internet.de\/tmg\/__5.html\" target=\"blank\">\u00a7 5 TMG<\/a><\/p><div><section><h3>\u4f9b\u5e94\u5546<\/h3><div><p><strong>\u9152\u5e97\u9996\u9970\u76d2<br \/><\/strong>\u5eb7\u65af\u5766\u4e01\u7684\u5c3c\u5e93<br \/>\u4e3b\u8def185\u53f7<br \/>63897 Miltenberg<\/p><\/div><\/section><section><h3>\u4ee3\u8868\uff1a<\/h3><p>\u5eb7\u65af\u5766\u4e01\u7684\u5c3c\u5e93<\/p><\/section><section><p><span style=\"font-size: 1.5em; font-weight: bold;\">\u9500\u552e\u7a0e\u8bc6\u522b\u53f7<\/span><\/p><\/section><section><p>\u6839\u636e\u00a727\u4e00\u9500\u552e\u7a0e\u6cd5\u3002<br \/><i>xxx<\/i><\/p><\/section><section><h3>\u8d1f\u8d23\u5185\u5bb9<\/h3><p>\u5eb7\u65af\u5766\u4e01\u7684\u5c3c\u5e93<\/p><\/section><\/div><section><h3>\u56fe\u7247\u6765\u6e90<\/h3><p>\u5eb7\u65af\u5766\u4e01\u7684\u5c3c\u5e93<\/p><\/section><section><h3>\u5728\u7ebf\u89e3\u51b3\u4e89\u7aef<\/h3><p>\u5fc5\u987b\u63d0\u4f9b\u7684\u8d44\u6599\u00a0<a href=\"https:\/\/eur-lex.europa.eu\/legal-content\/DE\/TXT\/?uri=uriserv:OJ.L_.2013.165.01.0001.01.DEU&amp;toc=OJ:L:2013:165:FULL\" target=\"_blank\" rel=\"noopener\">(\u6b27\u76df)\u7b2c524\/2013\u53f7\u6761\u4f8b<\/a>\u00a0\u6b27\u6d32\u8bae\u4f1a\u548c\u7406\u4e8b\u4f1a\u7684\u300a\u7f51\u4e0a\u89e3\u51b3\u6761\u4f8b\u300b\u7b2c14\u6761\u7b2c1\u6b3e\uff09\uff1a\u6b27\u76df\u59d4\u5458\u4f1a\u63d0\u4f9b\u4e86\u4e00\u4e2a\u7f51\u4e0a\u5ead\u5916\u89e3\u51b3\u4e89\u8bae\u7684\u5e73\u53f0\uff08\u7f51\u4e0a\u89e3\u51b3\u5e73\u53f0\uff09\uff0c\u8be5\u5e73\u53f0\u7684\u7f51\u5740\u662f\u00a0<a href=\"https:\/\/ec.europa.eu\/consumers\/odr\/\" target=\"_blank\" rel=\"noopener\">https:\/\/ec.europa.eu\/consumers\/odr\/<\/a>\u00a0\u662f\u53ef\u4ee5\u8c03\u7528\u7684\u3002\u60a8\u53ef\u4ee5\u5728\u6211\u4eec\u7684\u5370\u8bb0\u4e2d\u627e\u5230\u6211\u4eec\u7684\u7535\u5b50\u90ae\u4ef6\u5730\u5740\u3002<\/p><\/section><section><h3>\u5185\u5bb9\u7684\u8d23\u4efb<\/h3><p>\u4f5c\u4e3a\u670d\u52a1\u63d0\u4f9b\u8005\uff0c\u6211\u4eec\u6839\u636e\u00a0<a href=\"https:\/\/www.gesetze-im-internet.de\/tmg\/__7.html\" target=\"blank\">\u00a77\u7b2c1\u6bb5TMG<\/a>\u00a0\u6839\u636e\u4e00\u822c\u6cd5\u5f8b\uff0c\u5bf9\u8fd9\u4e9b\u7f51\u9875\u4e0a\u7684\u5185\u5bb9\u8d1f\u8d23\u3002\u6839\u636e\u00a0<a href=\"https:\/\/www.gesetze-im-internet.de\/tmg\/__8.html\" target=\"blank\">\u00a7\u00a7 TMG\u7b2c8\u81f310\u6761<\/a>\u00a0\u7136\u800c\uff0c\u4f5c\u4e3a\u670d\u52a1\u63d0\u4f9b\u5546\uff0c\u6211\u4eec\u6ca1\u6709\u4e49\u52a1\u76d1\u63a7\u4f20\u8f93\u6216\u5b58\u50a8\u7684\u7b2c\u4e09\u65b9\u4fe1\u606f\uff0c\u6216\u8c03\u67e5\u663e\u793a\u975e\u6cd5\u6d3b\u52a8\u7684\u60c5\u51b5\u3002\u6839\u636e\u4e00\u822c\u6cd5\u5f8b\uff0c\u5220\u9664\u6216\u963b\u6b62\u4fe1\u606f\u4f7f\u7528\u7684\u4e49\u52a1\u4e0d\u53d7\u6b64\u5f71\u54cd\u3002\u4f46\u662f\uff0c\u53ea\u6709\u4ece\u77e5\u9053\u5177\u4f53\u7684\u8fdd\u6cd5\u884c\u4e3a\u65f6\u8d77\uff0c\u624d\u6709\u53ef\u80fd\u627f\u62c5\u8fd9\u65b9\u9762\u7684\u8d23\u4efb\u3002\u5982\u679c\u6211\u4eec\u53d1\u73b0\u4efb\u4f55\u6b64\u7c7b\u4fb5\u6743\u884c\u4e3a\uff0c\u6211\u4eec\u5c06\u7acb\u5373\u5220\u9664\u76f8\u5173\u5185\u5bb9\u3002<\/p><p>\u5c3d\u7ba1\u7ecf\u8fc7\u4ed4\u7ec6\u68c0\u67e5\uff0c\u4f46\u6211\u4eec\u4e0d\u5bf9\u672c\u7f51\u7ad9\u6240\u53d1\u5e03\u4fe1\u606f\u7684\u6b63\u786e\u6027\u3001\u65f6\u6548\u6027\u548c\u5b8c\u6574\u6027\u627f\u62c5\u4efb\u4f55\u8d23\u4efb\u3002\u539f\u5219\u4e0a\uff0c\u5bf9\u4e8e\u56e0\u4f7f\u7528\u6240\u63d0\u4f9b\u7684\u4fe1\u606f\u800c\u9020\u6210\u7684\u4efb\u4f55\u7269\u8d28\u6216\u975e\u7269\u8d28\u635f\u5931\uff0c\u5747\u4e0d\u80fd\u5411\u51fa\u7248\u8005\u63d0\u51fa\u8d23\u4efb\u7d22\u8d54\u3002\u51fa\u7248\u5546\u4fdd\u7559\u5168\u90e8\u6216\u90e8\u5206\u66f4\u6539\u7f51\u7ad9\u7684\u6743\u5229\uff0c\u800c\u65e0\u9700\u4e8b\u5148\u901a\u77e5\u6216\u5b8c\u5168\u505c\u6b62\u53d1\u5e03\u3002<\/p><\/section><section><h3>\u94fe\u63a5\u7684\u8d23\u4efb<\/h3><p>\u6211\u4eec\u7684\u62a5\u4ef7\u5305\u542b\u7b2c\u4e09\u65b9\u7f51\u7ad9\u7684\u94fe\u63a5\uff0c\u6211\u4eec\u5bf9\u5176\u5185\u5bb9\u6ca1\u6709\u5f71\u54cd\u529b\u3002\u56e0\u6b64\uff0c\u6211\u4eec\u5bf9\u8fd9\u4e9b\u5916\u90e8\u5185\u5bb9\u4e0d\u627f\u62c5\u4efb\u4f55\u8d23\u4efb\u3002\u5404\u4e2a\u7f51\u9875\u7684\u63d0\u4f9b\u8005\u6216\u7ecf\u8425\u8005\u5bf9\u6240\u94fe\u63a5\u7f51\u9875\u7684\u5185\u5bb9\u59cb\u7ec8\u8d1f\u8d23\u3002\u5728\u94fe\u63a5\u65f6\uff0c\u5bf9\u6240\u94fe\u63a5\u7684\u7f51\u9875\u8fdb\u884c\u4e86\u68c0\u67e5\uff0c\u4ee5\u786e\u5b9a\u662f\u5426\u5b58\u5728\u8fdd\u6cd5\u884c\u4e3a\u3002\u94fe\u63a5\u65f6\u65e0\u6cd5\u8bc6\u522b\u975e\u6cd5\u5185\u5bb9\u3002\u4f46\u662f\uff0c\u5982\u679c\u6ca1\u6709\u5177\u4f53\u7684\u8bc1\u636e\u8bc1\u660e\u6709\u8fdd\u6cd5\u884c\u4e3a\uff0c\u5bf9\u94fe\u63a5\u9875\u9762\u7684\u5185\u5bb9\u8fdb\u884c\u6c38\u4e45\u6027\u63a7\u5236\u662f\u4e0d\u5408\u7406\u7684\u3002\u5982\u679c\u6211\u4eec\u53d1\u73b0\u6709\u4efb\u4f55\u4fb5\u6743\u884c\u4e3a\uff0c\u6211\u4eec\u5c06\u7acb\u5373\u5220\u9664\u8fd9\u4e9b\u94fe\u63a5\u3002<\/p><\/section><section><h3>\u8457\u4f5c\u6b0a<\/h3><p>\u7f51\u7ad9\u7ecf\u8425\u8005\u5728\u8fd9\u4e9b\u7f51\u9875\u4e0a\u7684\u5185\u5bb9\u548c\u4f5c\u54c1\u53d7\u5fb7\u56fd\u7248\u6743\u6cd5\u7684\u7ea6\u675f\u3002\u590d\u5236\u3001\u52a0\u5de5\u3001\u4f20\u64ad\u548c\u4efb\u4f55\u5f62\u5f0f\u7684\u7248\u6743\u8303\u56f4\u5916\u7684\u5229\u7528\u90fd\u9700\u8981\u5f97\u5230\u76f8\u5173\u4f5c\u8005\u6216\u521b\u4f5c\u8005\u7684\u4e66\u9762\u540c\u610f\u3002\u672c\u7f51\u7ad9\u7684\u4e0b\u8f7d\u548c\u590d\u5236\u53ea\u5141\u8bb8\u7528\u4e8e\u79c1\u4eba\u3001\u975e\u5546\u4e1a\u7528\u9014\u3002\u53ea\u8981\u672c\u7f51\u7ad9\u7684\u5185\u5bb9\u4e0d\u662f\u7531\u7ecf\u8425\u8005\u521b\u9020\u7684\uff0c\u5c31\u4f1a\u5c0a\u91cd\u7b2c\u4e09\u65b9\u7684\u7248\u6743\u3002\u5c24\u5176\u662f\u7b2c\u4e09\u65b9\u5185\u5bb9\u7684\u8bc6\u522b\u3002\u4f46\u5982\u679c\u60a8\u53d1\u73b0\u6709\u4fb5\u6743\u884c\u4e3a\uff0c\u8bf7\u53ca\u65f6\u901a\u77e5\u6211\u4eec\u3002\u5982\u679c\u6211\u4eec\u53d1\u73b0\u4efb\u4f55\u4fb5\u6743\u884c\u4e3a\uff0c\u6211\u4eec\u5c06\u7acb\u5373\u5220\u9664\u8fd9\u4e9b\u5185\u5bb9\u3002<\/p><p>\u672c\u7f51\u7ad9\u4e2d\u63d0\u5230\u7684\u6240\u6709\u54c1\u724c\u548c\u5546\u6807\uff0c\u4ee5\u53ca\u53ef\u80fd\u53d7\u7b2c\u4e09\u65b9\u4fdd\u62a4\u7684\u54c1\u724c\u548c\u5546\u6807\uff0c\u4e0d\u53d7\u9002\u7528\u7684\u5546\u6807\u6cd5\u89c4\u5b9a\u548c\u5404\u81ea\u6ce8\u518c\u6240\u6709\u8005\u7684\u6240\u6709\u6743\u7684\u9650\u5236\u3002\u5728\u6211\u4eec\u7684\u7f51\u7ad9\u4e0a\u4ec5\u4ec5\u63d0\u5230\u5546\u6807\u5e76\u4e0d\u610f\u5473\u7740\u5b83\u4eec\u4e0d\u53d7\u7b2c\u4e09\u65b9\u6743\u5229\u7684\u4fdd\u62a4\u3002<\/p><\/section>\t\t\t\t\t\t\t\t<\/div>\n\t\t\t\t<\/div>\n\t\t\t\t\t<\/div>\n\t\t<\/div>\n\t\t\t\t\t<\/div>\n\t\t<\/section>\n\t\t\t\t<\/div>","protected":false},"excerpt":{"rendered":"<p>Angaben gem\u00e4\u00df\u00a0\u00a7 5 TMG Anbieter Hotel Schmuckk\u00e4stchenKonstantinos NikouHauptstra\u00dfe 18563897 Miltenberg Vertreten durch Konstantinos Nikou Umsatzsteuer-Identifikationsnummer gem\u00e4\u00df \u00a727 a Umsatzsteuergesetz:xxx Inhaltlich verantwortlich Konstantinos Nikou Bildernachweis Konstantinos Nikou Online-Streitbeilegung Pflichtinformation gem\u00e4\u00df\u00a0Verordnung (EU) Nr. 524\/2013\u00a0(ODR-VO, Artikel 14, Absatz 1) des Europ\u00e4ischen Parlaments und Rats: Die Europ\u00e4ische Kommission stellt eine Plattform f\u00fcr die au\u00dfergerichtliche Online-Streitbeilegung (OS-Plattform) bereit, die unter\u00a0https:\/\/ec.europa.eu\/consumers\/odr\/\u00a0aufrufbar [&hellip;]<\/p>\n","protected":false},"author":1,"featured_media":0,"parent":0,"menu_order":0,"comment_status":"closed","ping_status":"closed","template":"elementor_header_footer","meta":{"site-sidebar-layout":"default","site-content-layout":"default","ast-site-content-layout":"default","site-content-style":"default","site-sidebar-style":"default","ast-global-header-display":"","ast-banner-title-visibility":"","ast-main-header-display":"","ast-hfb-above-header-display":"","ast-hfb-below-header-display":"","ast-hfb-mobile-header-display":"","site-post-title":"","ast-breadcrumbs-content":"","ast-featured-img":"","footer-sml-layout":"","theme-transparent-header-meta":"default","adv-header-id-meta":"","stick-header-meta":"","header-above-stick-meta":"","header-main-stick-meta":"","header-below-stick-meta":"","astra-migrate-meta-layouts":"default","ast-page-background-enabled":"default","ast-page-background-meta":{"desktop":{"background-color":"","background-image":"","background-repeat":"repeat","background-position":"center center","background-size":"auto","background-attachment":"scroll","background-type":"","background-media":"","overlay-type":"","overlay-color":"","overlay-opacity":"","overlay-gradient":""},"tablet":{"background-color":"","background-image":"","background-repeat":"repeat","background-position":"center center","background-size":"auto","background-attachment":"scroll","background-type":"","background-media":"","overlay-type":"","overlay-color":"","overlay-opacity":"","overlay-gradient":""},"mobile":{"background-color":"","background-image":"","background-repeat":"repeat","background-position":"center center","background-size":"auto","background-attachment":"scroll","background-type":"","background-media":"","overlay-type":"","overlay-color":"","overlay-opacity":"","overlay-gradient":""}},"ast-content-background-meta":{"desktop":{"background-color":"var(--ast-global-color-5)","background-image":"","background-repeat":"repeat","background-position":"center center","background-size":"auto","background-attachment":"scroll","background-type":"","background-media":"","overlay-type":"","overlay-color":"","overlay-opacity":"","overlay-gradient":""},"tablet":{"background-color":"var(--ast-global-color-5)","background-image":"","background-repeat":"repeat","background-position":"center center","background-size":"auto","background-attachment":"scroll","background-type":"","background-media":"","overlay-type":"","overlay-color":"","overlay-opacity":"","overlay-gradient":""},"mobile":{"background-color":"var(--ast-global-color-5)","background-image":"","background-repeat":"repeat","background-position":"center center","background-size":"auto","background-attachment":"scroll","background-type":"","background-media":"","overlay-type":"","overlay-color":"","overlay-opacity":"","overlay-gradient":""}},"footnotes":""},"class_list":["post-189","page","type-page","status-publish","hentry"],"_links":{"self":[{"href":"https:\/\/hotel-schmuckkaestchen.de\/zh\/wp-json\/wp\/v2\/pages\/189","targetHints":{"allow":["GET"]}}],"collection":[{"href":"https:\/\/hotel-schmuckkaestchen.de\/zh\/wp-json\/wp\/v2\/pages"}],"about":[{"href":"https:\/\/hotel-schmuckkaestchen.de\/zh\/wp-json\/wp\/v2\/types\/page"}],"author":[{"embeddable":true,"href":"https:\/\/hotel-schmuckkaestchen.de\/zh\/wp-json\/wp\/v2\/users\/1"}],"replies":[{"embeddable":true,"href":"https:\/\/hotel-schmuckkaestchen.de\/zh\/wp-json\/wp\/v2\/comments?post=189"}],"version-history":[{"count":4,"href":"https:\/\/hotel-schmuckkaestchen.de\/zh\/wp-json\/wp\/v2\/pages\/189\/revisions"}],"predecessor-version":[{"id":352,"href":"https:\/\/hotel-schmuckkaestchen.de\/zh\/wp-json\/wp\/v2\/pages\/189\/revisions\/352"}],"wp:attachment":[{"href":"https:\/\/hotel-schmuckkaestchen.de\/zh\/wp-json\/wp\/v2\/media?parent=189"}],"curies":[{"name":"wp","href":"https:\/\/api.w.org\/{rel}","templated":true}]}}