{"id":2,"date":"2020-10-09T14:57:06","date_gmt":"2020-10-09T12:57:06","guid":{"rendered":"http:\/\/neu.hotel-schmuckkaestchen.de\/?page_id=2"},"modified":"2024-12-09T11:42:28","modified_gmt":"2024-12-09T10:42:28","slug":"hotel","status":"publish","type":"page","link":"https:\/\/hotel-schmuckkaestchen.de\/zh\/","title":{"rendered":"\u5bbe\u9986"},"content":{"rendered":"<div data-elementor-type=\"wp-page\" data-elementor-id=\"2\" class=\"elementor elementor-2\" data-elementor-post-type=\"page\">\n\t\t\t\t\t\t<section data-particle_enable=\"false\" data-particle-mobile-disabled=\"false\" class=\"elementor-section elementor-top-section elementor-element elementor-element-1f26423 elementor-section-boxed elementor-section-height-default elementor-section-height-default\" data-id=\"1f26423\" data-element_type=\"section\" data-e-type=\"section\">\n\t\t\t\t\t\t<div class=\"elementor-container elementor-column-gap-default\">\n\t\t\t\t\t<div class=\"elementor-column elementor-col-100 elementor-top-column elementor-element elementor-element-70d3d26\" data-id=\"70d3d26\" data-element_type=\"column\" data-e-type=\"column\">\n\t\t\t<div class=\"elementor-widget-wrap elementor-element-populated\">\n\t\t\t\t\t\t<div class=\"elementor-element elementor-element-eab3250 elementor-widget elementor-widget-heading\" data-id=\"eab3250\" data-element_type=\"widget\" data-e-type=\"widget\" data-widget_type=\"heading.default\">\n\t\t\t\t<div class=\"elementor-widget-container\">\n\t\t\t\t\t<h1 class=\"elementor-heading-title elementor-size-default\">\"\u6211\u4eec\u5e0c\u671b\u6211\u4eec\u7684\u5ba2\u4eba\u6709\u5bb6\u7684\u611f\u89c9\uff0c\u6bcf\u6b21\u56de\u6765\u90fd\u80fd\u5728\u6211\u4eec\u5bb6\u53d1\u73b0\u65b0\u7684\u4e1c\u897f\"<\/h1>\t\t\t\t<\/div>\n\t\t\t\t<\/div>\n\t\t\t\t\t<\/div>\n\t\t<\/div>\n\t\t\t\t\t<\/div>\n\t\t<\/section>\n\t\t\t\t<section data-particle_enable=\"false\" data-particle-mobile-disabled=\"false\" class=\"elementor-section elementor-top-section elementor-element elementor-element-0d0a45a elementor-section-boxed elementor-section-height-default elementor-section-height-default\" data-id=\"0d0a45a\" data-element_type=\"section\" data-e-type=\"section\">\n\t\t\t\t\t\t<div class=\"elementor-container elementor-column-gap-default\">\n\t\t\t\t\t<div class=\"elementor-column elementor-col-100 elementor-top-column elementor-element elementor-element-75bcb0b\" data-id=\"75bcb0b\" data-element_type=\"column\" data-e-type=\"column\">\n\t\t\t<div class=\"elementor-widget-wrap elementor-element-populated\">\n\t\t\t\t\t\t<section data-particle_enable=\"false\" data-particle-mobile-disabled=\"false\" class=\"elementor-section elementor-inner-section elementor-element elementor-element-4f5b686 elementor-section-boxed elementor-section-height-default elementor-section-height-default\" data-id=\"4f5b686\" data-element_type=\"section\" data-e-type=\"section\">\n\t\t\t\t\t\t<div class=\"elementor-container elementor-column-gap-default\">\n\t\t\t\t\t<div class=\"elementor-column elementor-col-50 elementor-inner-column elementor-element elementor-element-59e924c\" data-id=\"59e924c\" data-element_type=\"column\" data-e-type=\"column\">\n\t\t\t<div class=\"elementor-widget-wrap elementor-element-populated\">\n\t\t\t\t\t\t<div class=\"elementor-element elementor-element-96739ae elementor-widget elementor-widget-text-editor\" data-id=\"96739ae\" data-element_type=\"widget\" data-e-type=\"widget\" data-widget_type=\"text-editor.default\">\n\t\t\t\t<div class=\"elementor-widget-container\">\n\t\t\t\t\t\t\t\t\t<p>\u8fd9\u4e2a\u5bb6\u65cf\u7ecf\u8425\u7684 <span style=\"color: var(--ast-global-color-3); font-size: 15px;\">\u9152\u5e97\u4e0d\u4ec5\u4e66\u5199\u4e86\u5386\u53f2\uff0c\u800c\u4e14\u8fd8\u6d3b\u5728\u73b0\u4ee3\u7684\u91cd\u65b0\u8bbe\u8ba1\u7684\u623f\u820d\u548c\u5bf9\u5ba2\u4eba\u7684\u5173\u7231\u4e2d\u3002<\/span><\/p>\n<p>\u5728\u5386\u53f2\u60a0\u4e45\u7684\u5e02\u573a\u5e7f\u573a \"Schnatterloch \"\u4e0a\uff0c\u670910\u4e2a\u72ec\u7acb\u7684\u4e13\u4e1a\u8bbe\u8ba1\u7684\u623f\u95f4\u5728\u7b49\u5f85\u7740\u5ba2\u4eba\uff0c\u8fd8\u6709\u4e00\u4e2a\u8461\u8404\u9152\u9152\u5427\u548c\u4e00\u4e2a\u7f8e\u5999\u7684\u6237\u5916\u5ea7\u4f4d\u533a\uff0c\u8fd9\u662f\u7c73\u5c14\u7279\u8d1d\u683c\u6700\u7f8e\u4e3d\u7684\u5e7f\u573a\u3002\u7f8e\u4e3d\u7684\u62f1\u5f62\u5730\u7a96\u6700\u591a\u53ef\u5bb9\u7eb350\u4eba\u3002<\/p>\t\t\t\t\t\t\t\t<\/div>\n\t\t\t\t<\/div>\n\t\t\t\t\t<\/div>\n\t\t<\/div>\n\t\t\t\t<div class=\"elementor-column elementor-col-50 elementor-inner-column elementor-element elementor-element-5c6f1a9\" data-id=\"5c6f1a9\" data-element_type=\"column\" data-e-type=\"column\">\n\t\t\t<div class=\"elementor-widget-wrap elementor-element-populated\">\n\t\t\t\t\t\t<div class=\"elementor-element elementor-element-8dbe213 elementor-widget elementor-widget-text-editor\" data-id=\"8dbe213\" data-element_type=\"widget\" data-e-type=\"widget\" data-widget_type=\"text-editor.default\">\n\t\t\t\t<div class=\"elementor-widget-container\">\n\t\t\t\t\t\t\t\t\t<p>Schmuckk\u00e4stchen\" - \u9152\u5e97\u548cWeinhaus\u662f\u8bb8\u591a\u5386\u53f2\u63a2\u7d22\u7684\u4e2d\u5fc3\u70b9\u3002\u6b63\u5bf9\u9762\uff0c\u4e00\u5ea7\u534a\u6728\u7ed3\u6784\u7684\u5efa\u7b51\u662f\u5e02\u535a\u7269\u9986\u3002\u65c1\u8fb9\u5c31\u662f\u901a\u5f80\u7c73\u5c14\u767b\u5821\u7684\u4eba\u884c\u9053\uff0c\u6b65\u884c\u51e0\u7c73\u5c31\u80fd\u5230\u8fbe\u7f8e\u56e0\u6cb3\u4e0a\u53d1\u73b0\u4e4b\u65c5\u7684\u843d\u811a\u70b9\u3002<\/p><p>\u4e0d\u8981\u5fd8\u8bb0\u3002\u62d0\u89d2\u5904\u5c31\u662f\u5229\u53e3\u9152\u5267\u9662\uff0c\u8fd9\u662f\u4e16\u754c\u4e0a\u6700\u5c0f\u7684\u5267\u9662\u3002<\/p>\t\t\t\t\t\t\t\t<\/div>\n\t\t\t\t<\/div>\n\t\t\t\t\t<\/div>\n\t\t<\/div>\n\t\t\t\t\t<\/div>\n\t\t<\/section>\n\t\t\t\t\t<\/div>\n\t\t<\/div>\n\t\t\t\t\t<\/div>\n\t\t<\/section>\n\t\t\t\t<section data-particle_enable=\"false\" data-particle-mobile-disabled=\"false\" class=\"elementor-section elementor-top-section elementor-element elementor-element-edbc559 elementor-section-boxed elementor-section-height-default elementor-section-height-default\" data-id=\"edbc559\" data-element_type=\"section\" data-e-type=\"section\">\n\t\t\t\t\t\t<div class=\"elementor-container elementor-column-gap-default\">\n\t\t\t\t\t<div class=\"elementor-column elementor-col-100 elementor-top-column elementor-element elementor-element-fe8b271\" data-id=\"fe8b271\" data-element_type=\"column\" data-e-type=\"column\">\n\t\t\t<div class=\"elementor-widget-wrap elementor-element-populated\">\n\t\t\t\t\t\t<div class=\"elementor-element elementor-element-d3b0cd8 elementor-cta--skin-classic elementor-animated-content elementor-bg-transform elementor-bg-transform-zoom-in elementor-widget elementor-widget-call-to-action\" data-id=\"d3b0cd8\" data-element_type=\"widget\" data-e-type=\"widget\" data-widget_type=\"call-to-action.default\">\n\t\t\t\t<div class=\"elementor-widget-container\">\n\t\t\t\t\t\t\t<div class=\"elementor-cta\">\n\t\t\t\t\t<div class=\"elementor-cta__bg-wrapper\">\n\t\t\t\t<div class=\"elementor-cta__bg elementor-bg\" style=\"background-image: url(https:\/\/hotel-schmuckkaestchen.de\/wp-content\/uploads\/2020\/10\/IMG_0897_Doppelzimmer_Schmuckkaestchen_Miltenberg.png);\" role=\"img\" aria-label=\"IMG_0897_\u53cc\u4eba\u623f_Schmuckkaestchen_Miltenberg\u3002\"><\/div>\n\t\t\t\t<div class=\"elementor-cta__bg-overlay\"><\/div>\n\t\t\t<\/div>\n\t\t\t\t\t\t\t<div class=\"elementor-cta__content\">\n\t\t\t\t\n\t\t\t\t\t\t\t\t\t<h2 class=\"elementor-cta__title elementor-cta__content-item elementor-content-item\">\n\t\t\t\t\t\t\u5728\u73e0\u5b9d\u76d2\u4e2d\u8fc7\u591c\t\t\t\t\t<\/h2>\n\t\t\t\t\n\t\t\t\t\t\t\t\t\t<div class=\"elementor-cta__description elementor-cta__content-item elementor-content-item\">\n\t\t\t\t\t\t\"\u6211\u4eec\u7684\u623f\u95f4\u5f88\u6709\u4e2a\u6027\uff0c\u8ba9\u4f60\u6709\u5bb6\u7684\u611f\u89c9\u3002\"\t\t\t\t\t<\/div>\n\t\t\t\t\n\t\t\t\t\t\t\t\t\t<div class=\"elementor-cta__button-wrapper elementor-cta__content-item elementor-content-item\">\n\t\t\t\t\t<a class=\"elementor-cta__button elementor-button elementor-size-\" href=\"http:\/\/hotel-schmuckkaestchen.de\/zh\/zimmer\/\">\n\t\t\t\t\t\t\u66f4\u591a\t\t\t\t\t<\/a>\n\t\t\t\t\t<\/div>\n\t\t\t\t\t\t\t<\/div>\n\t\t\t\t\t\t<\/div>\n\t\t\t\t\t\t<\/div>\n\t\t\t\t<\/div>\n\t\t\t\t\t<\/div>\n\t\t<\/div>\n\t\t\t\t\t<\/div>\n\t\t<\/section>\n\t\t\t\t<\/div>","protected":false},"excerpt":{"rendered":"<p>\u201eUnser Gast soll sich wie zu Hause f\u00fchlen und mit jeder Reise zur\u00fcck etwas Neues in unserem Haus entdecken\u201c Das famili\u00e4r gef\u00fchrte Hotel schreibt nicht nur&nbsp;Geschichte, sondern es lebt in der modernen Neugestaltung der R\u00e4umlichkeiten und der liebevollen Umsorgung der G\u00e4ste weiter. Auf den Gast warten 10 individuell und professionell gestaltete Zimmer, sowie eine Weinstube [&hellip;]<\/p>\n","protected":false},"author":1,"featured_media":0,"parent":0,"menu_order":0,"comment_status":"closed","ping_status":"closed","template":"elementor_header_footer","meta":{"site-sidebar-layout":"no-sidebar","site-content-layout":"page-builder","ast-site-content-layout":"full-width-container","site-content-style":"unboxed","site-sidebar-style":"unboxed","ast-global-header-display":"","ast-banner-title-visibility":"","ast-main-header-display":"","ast-hfb-above-header-display":"","ast-hfb-below-header-display":"","ast-hfb-mobile-header-display":"","site-post-title":"disabled","ast-breadcrumbs-content":"","ast-featured-img":"disabled","footer-sml-layout":"","theme-transparent-header-meta":"","adv-header-id-meta":"","stick-header-meta":"","header-above-stick-meta":"","header-main-stick-meta":"","header-below-stick-meta":"","astra-migrate-meta-layouts":"set","ast-page-background-enabled":"default","ast-page-background-meta":{"desktop":{"background-color":"","background-image":"","background-repeat":"repeat","background-position":"center center","background-size":"auto","background-attachment":"scroll","background-type":"","background-media":"","overlay-type":"","overlay-color":"","overlay-opacity":"","overlay-gradient":""},"tablet":{"background-color":"","background-image":"","background-repeat":"repeat","background-position":"center center","background-size":"auto","background-attachment":"scroll","background-type":"","background-media":"","overlay-type":"","overlay-color":"","overlay-opacity":"","overlay-gradient":""},"mobile":{"background-color":"","background-image":"","background-repeat":"repeat","background-position":"center center","background-size":"auto","background-attachment":"scroll","background-type":"","background-media":"","overlay-type":"","overlay-color":"","overlay-opacity":"","overlay-gradient":""}},"ast-content-background-meta":{"desktop":{"background-color":"var(--ast-global-color-5)","background-image":"","background-repeat":"repeat","background-position":"center center","background-size":"auto","background-attachment":"scroll","background-type":"","background-media":"","overlay-type":"","overlay-color":"","overlay-opacity":"","overlay-gradient":""},"tablet":{"background-color":"var(--ast-global-color-5)","background-image":"","background-repeat":"repeat","background-position":"center center","background-size":"auto","background-attachment":"scroll","background-type":"","background-media":"","overlay-type":"","overlay-color":"","overlay-opacity":"","overlay-gradient":""},"mobile":{"background-color":"var(--ast-global-color-5)","background-image":"","background-repeat":"repeat","background-position":"center center","background-size":"auto","background-attachment":"scroll","background-type":"","background-media":"","overlay-type":"","overlay-color":"","overlay-opacity":"","overlay-gradient":""}},"footnotes":""},"class_list":["post-2","page","type-page","status-publish","hentry"],"_links":{"self":[{"href":"https:\/\/hotel-schmuckkaestchen.de\/zh\/wp-json\/wp\/v2\/pages\/2","targetHints":{"allow":["GET"]}}],"collection":[{"href":"https:\/\/hotel-schmuckkaestchen.de\/zh\/wp-json\/wp\/v2\/pages"}],"about":[{"href":"https:\/\/hotel-schmuckkaestchen.de\/zh\/wp-json\/wp\/v2\/types\/page"}],"author":[{"embeddable":true,"href":"https:\/\/hotel-schmuckkaestchen.de\/zh\/wp-json\/wp\/v2\/users\/1"}],"replies":[{"embeddable":true,"href":"https:\/\/hotel-schmuckkaestchen.de\/zh\/wp-json\/wp\/v2\/comments?post=2"}],"version-history":[{"count":10,"href":"https:\/\/hotel-schmuckkaestchen.de\/zh\/wp-json\/wp\/v2\/pages\/2\/revisions"}],"predecessor-version":[{"id":685,"href":"https:\/\/hotel-schmuckkaestchen.de\/zh\/wp-json\/wp\/v2\/pages\/2\/revisions\/685"}],"wp:attachment":[{"href":"https:\/\/hotel-schmuckkaestchen.de\/zh\/wp-json\/wp\/v2\/media?parent=2"}],"curies":[{"name":"wp","href":"https:\/\/api.w.org\/{rel}","templated":true}]}}